{"id":864,"date":"2020-02-20T10:28:13","date_gmt":"2020-02-20T09:28:13","guid":{"rendered":"https:\/\/p2med.imibic.org\/?page_id=864"},"modified":"2022-09-27T11:08:49","modified_gmt":"2022-09-27T09:08:49","slug":"management-of-the-programme","status":"publish","type":"page","link":"https:\/\/p2med.imibic.org\/?page_id=864","title":{"rendered":"Programme Management"},"content":{"rendered":"<p>The <strong>Programme Committee (PC)<\/strong>, responsible for the decision making and overseeing of the coordination and management of IMIBIC-P2Med, is chaired by the <em><strong>IMIBIC&#8217;s Scientific Director<\/strong><\/em> Dr Pablo P\u00e9rez Mart\u00ednez.<\/p>\n<p>Other members of the Programme Committee are the <em><strong>Programme Manager<\/strong><\/em> Jos\u00e9 Carlos Prieto (Maria Saarela until September 2022), <strong><em>IMIBIC&#8217;s General Manager<\/em><\/strong> \u00c1lvaro Granados del R\u00edo, <em><strong>Head of Financial and Human Resources<\/strong> <\/em>Francisco Javier L\u00f3pez Ruiz, and as <em><strong>Representatives of Clinical Research<\/strong><\/em> Dr Miguel Gonz\u00e1lez Andrades, and of <em><strong>Basic Research<\/strong><\/em> Dr Mar\u00eda M. Malag\u00f3n.<\/p>\n<p>The PC is supported by the <strong>Operations Team<\/strong> including representatives from the different management areas or committees of IMIBIC; mainly from the <strong><em>Training Committee<\/em><\/strong>, and from the <strong><em>Innovation<\/em><\/strong>, <em><strong>Communication<\/strong><\/em>, and <strong><em>International projects<\/em><\/strong> departments.<\/p>\n<p>&nbsp;<\/p>\n","protected":false},"excerpt":{"rendered":"<p>The Programme Committee (PC), responsible for the decision making and overseeing of the coordination and management of IMIBIC-P2Med, is chaired by the IMIBIC&#8217;s Scientific Director Dr Pablo P\u00e9rez Mart\u00ednez. Other members of the Programme Committee are the Programme Manager Jos\u00e9&hellip; <\/p>\n","protected":false},"author":2,"featured_media":0,"parent":0,"menu_order":0,"comment_status":"closed","ping_status":"closed","template":"","meta":{"_mi_skip_tracking":false,"_monsterinsights_sitenote_active":false,"_monsterinsights_sitenote_note":"","_monsterinsights_sitenote_category":0,"footnotes":""},"class_list":["post-864","page","type-page","status-publish","hentry"],"_links":{"self":[{"href":"https:\/\/p2med.imibic.org\/index.php?rest_route=\/wp\/v2\/pages\/864","targetHints":{"allow":["GET"]}}],"collection":[{"href":"https:\/\/p2med.imibic.org\/index.php?rest_route=\/wp\/v2\/pages"}],"about":[{"href":"https:\/\/p2med.imibic.org\/index.php?rest_route=\/wp\/v2\/types\/page"}],"author":[{"embeddable":true,"href":"https:\/\/p2med.imibic.org\/index.php?rest_route=\/wp\/v2\/users\/2"}],"replies":[{"embeddable":true,"href":"https:\/\/p2med.imibic.org\/index.php?rest_route=%2Fwp%2Fv2%2Fcomments&post=864"}],"version-history":[{"count":17,"href":"https:\/\/p2med.imibic.org\/index.php?rest_route=\/wp\/v2\/pages\/864\/revisions"}],"predecessor-version":[{"id":1598,"href":"https:\/\/p2med.imibic.org\/index.php?rest_route=\/wp\/v2\/pages\/864\/revisions\/1598"}],"wp:attachment":[{"href":"https:\/\/p2med.imibic.org\/index.php?rest_route=%2Fwp%2Fv2%2Fmedia&parent=864"}],"curies":[{"name":"wp","href":"https:\/\/api.w.org\/{rel}","templated":true}]}}